{"id":327,"date":"2025-04-08T14:50:16","date_gmt":"2025-04-08T12:50:16","guid":{"rendered":"https:\/\/new2025.ivs-group.li\/data-protection\/"},"modified":"2025-04-16T10:56:53","modified_gmt":"2025-04-16T08:56:53","slug":"data-protection","status":"publish","type":"page","link":"https:\/\/ivs-group.li\/en\/data-protection\/","title":{"rendered":"Data protection"},"content":{"rendered":"<div class=\"et_pb_section_0 et_pb_section et_section_regular et_flex_section\">\n<div class=\"et_pb_row_0 et_pb_row et_flex_row preset--module--divi-row--default\">\n<div class=\"et_pb_column_0 et_pb_column et-last-child et_flex_column et_pb_css_mix_blend_mode_passthrough et_flex_column_24_24 et_flex_column_24_24_tablet et_flex_column_24_24_phone et_flex_column_24_24_tabletWide\">\n<div class=\"et_pb_text_0 et_pb_text et_pb_bg_layout_light et_pb_module et_flex_module preset--module--divi-text--default\"><div class=\"et_pb_text_inner\"><h1 class=\"headline \">Data protection<\/h1>\n<p><span>Any data you send to us will be used solely for the purposes of answering your queries, improving our website or communicating with you. All data that is automatically transmitted to INSTITUT F\u00dcR VERM\u00d6GENSSICHERUNG and saved will be used solely for internal purposes. We do not request any personal information from you when you download information from the website. Data we receive will only be forwarded to third parties in cases where it is allowed in accordance with data protection legislation. For further details please contact us by eMail or read the German \u00ab<\/span><strong><a href=\"https:\/\/ivs-group.li\/datenschutz\/\">Datenschutzerkl\u00e4rung<\/a><\/strong><span>\u00bb.<\/span><\/p>\n<\/div><\/div>\n<\/div>\n<\/div>\n<\/div>","protected":false},"excerpt":{"rendered":"","protected":false},"author":1,"featured_media":0,"parent":0,"menu_order":50,"comment_status":"closed","ping_status":"closed","template":"","meta":{"footnotes":""},"class_list":["post-327","page","type-page","status-publish","hentry"],"yoast_head":"<!-- This site is optimized with the Yoast SEO plugin v27.4 - https:\/\/yoast.com\/product\/yoast-seo-wordpress\/ -->\n<title>Data protection - IVS - Institut f\u00fcr Verm\u00f6genssicherung<\/title>\n<meta name=\"description\" content=\"IVS - Institut f\u00fcr Verm\u00f6genssicherung bietet massgeschneiderte, modular aufgebaute Dienstleistungen f\u00fcr Familien und Einzelpersonen im deutschsprachigen Raum an.\" \/>\n<meta name=\"robots\" content=\"index, follow, max-snippet:-1, max-image-preview:large, max-video-preview:-1\" \/>\n<link rel=\"canonical\" href=\"https:\/\/ivs-group.li\/en\/data-protection\/\" \/>\n<meta property=\"og:locale\" content=\"en_US\" \/>\n<meta property=\"og:type\" content=\"article\" \/>\n<meta property=\"og:title\" content=\"Data protection - IVS - Institut f\u00fcr Verm\u00f6genssicherung\" \/>\n<meta property=\"og:description\" content=\"IVS - Institut f\u00fcr Verm\u00f6genssicherung bietet massgeschneiderte, modular aufgebaute Dienstleistungen f\u00fcr Familien und Einzelpersonen im deutschsprachigen Raum an.\" \/>\n<meta property=\"og:url\" content=\"https:\/\/ivs-group.li\/en\/data-protection\/\" \/>\n<meta property=\"og:site_name\" content=\"IVS - Institut f\u00fcr Verm\u00f6genssicherung\" \/>\n<meta property=\"article:modified_time\" content=\"2025-04-16T08:56:53+00:00\" \/>\n<meta name=\"twitter:card\" content=\"summary_large_image\" \/>\n<script type=\"application\/ld+json\" class=\"yoast-schema-graph\">{\"@context\":\"https:\\\/\\\/schema.org\",\"@graph\":[{\"@type\":\"WebPage\",\"@id\":\"https:\\\/\\\/ivs-group.li\\\/en\\\/data-protection\\\/\",\"url\":\"https:\\\/\\\/ivs-group.li\\\/en\\\/data-protection\\\/\",\"name\":\"Data protection - IVS - Institut f\u00fcr Verm\u00f6genssicherung\",\"isPartOf\":{\"@id\":\"https:\\\/\\\/ivs-group.li\\\/en\\\/#website\"},\"datePublished\":\"2025-04-08T12:50:16+00:00\",\"dateModified\":\"2025-04-16T08:56:53+00:00\",\"description\":\"IVS - Institut f\u00fcr Verm\u00f6genssicherung bietet massgeschneiderte, modular aufgebaute Dienstleistungen f\u00fcr Familien und Einzelpersonen im deutschsprachigen Raum an.\",\"breadcrumb\":{\"@id\":\"https:\\\/\\\/ivs-group.li\\\/en\\\/data-protection\\\/#breadcrumb\"},\"inLanguage\":\"en-US\",\"potentialAction\":[{\"@type\":\"ReadAction\",\"target\":[\"https:\\\/\\\/ivs-group.li\\\/en\\\/data-protection\\\/\"]}]},{\"@type\":\"BreadcrumbList\",\"@id\":\"https:\\\/\\\/ivs-group.li\\\/en\\\/data-protection\\\/#breadcrumb\",\"itemListElement\":[{\"@type\":\"ListItem\",\"position\":1,\"name\":\"Home\",\"item\":\"https:\\\/\\\/ivs-group.li\\\/en\\\/\"},{\"@type\":\"ListItem\",\"position\":2,\"name\":\"Data protection\"}]},{\"@type\":\"WebSite\",\"@id\":\"https:\\\/\\\/ivs-group.li\\\/en\\\/#website\",\"url\":\"https:\\\/\\\/ivs-group.li\\\/en\\\/\",\"name\":\"IVS - Institut f\u00fcr Verm\u00f6genssicherung\",\"description\":\"\",\"potentialAction\":[{\"@type\":\"SearchAction\",\"target\":{\"@type\":\"EntryPoint\",\"urlTemplate\":\"https:\\\/\\\/ivs-group.li\\\/en\\\/?s={search_term_string}\"},\"query-input\":{\"@type\":\"PropertyValueSpecification\",\"valueRequired\":true,\"valueName\":\"search_term_string\"}}],\"inLanguage\":\"en-US\"}]}<\/script>\n<!-- \/ Yoast SEO plugin. -->","yoast_head_json":{"title":"Data protection - IVS - Institut f\u00fcr Verm\u00f6genssicherung","description":"IVS - Institut f\u00fcr Verm\u00f6genssicherung bietet massgeschneiderte, modular aufgebaute Dienstleistungen f\u00fcr Familien und Einzelpersonen im deutschsprachigen Raum an.","robots":{"index":"index","follow":"follow","max-snippet":"max-snippet:-1","max-image-preview":"max-image-preview:large","max-video-preview":"max-video-preview:-1"},"canonical":"https:\/\/ivs-group.li\/en\/data-protection\/","og_locale":"en_US","og_type":"article","og_title":"Data protection - IVS - Institut f\u00fcr Verm\u00f6genssicherung","og_description":"IVS - Institut f\u00fcr Verm\u00f6genssicherung bietet massgeschneiderte, modular aufgebaute Dienstleistungen f\u00fcr Familien und Einzelpersonen im deutschsprachigen Raum an.","og_url":"https:\/\/ivs-group.li\/en\/data-protection\/","og_site_name":"IVS - Institut f\u00fcr Verm\u00f6genssicherung","article_modified_time":"2025-04-16T08:56:53+00:00","twitter_card":"summary_large_image","schema":{"@context":"https:\/\/schema.org","@graph":[{"@type":"WebPage","@id":"https:\/\/ivs-group.li\/en\/data-protection\/","url":"https:\/\/ivs-group.li\/en\/data-protection\/","name":"Data protection - IVS - Institut f\u00fcr Verm\u00f6genssicherung","isPartOf":{"@id":"https:\/\/ivs-group.li\/en\/#website"},"datePublished":"2025-04-08T12:50:16+00:00","dateModified":"2025-04-16T08:56:53+00:00","description":"IVS - Institut f\u00fcr Verm\u00f6genssicherung bietet massgeschneiderte, modular aufgebaute Dienstleistungen f\u00fcr Familien und Einzelpersonen im deutschsprachigen Raum an.","breadcrumb":{"@id":"https:\/\/ivs-group.li\/en\/data-protection\/#breadcrumb"},"inLanguage":"en-US","potentialAction":[{"@type":"ReadAction","target":["https:\/\/ivs-group.li\/en\/data-protection\/"]}]},{"@type":"BreadcrumbList","@id":"https:\/\/ivs-group.li\/en\/data-protection\/#breadcrumb","itemListElement":[{"@type":"ListItem","position":1,"name":"Home","item":"https:\/\/ivs-group.li\/en\/"},{"@type":"ListItem","position":2,"name":"Data protection"}]},{"@type":"WebSite","@id":"https:\/\/ivs-group.li\/en\/#website","url":"https:\/\/ivs-group.li\/en\/","name":"IVS - Institut f\u00fcr Verm\u00f6genssicherung","description":"","potentialAction":[{"@type":"SearchAction","target":{"@type":"EntryPoint","urlTemplate":"https:\/\/ivs-group.li\/en\/?s={search_term_string}"},"query-input":{"@type":"PropertyValueSpecification","valueRequired":true,"valueName":"search_term_string"}}],"inLanguage":"en-US"}]}},"_links":{"self":[{"href":"https:\/\/ivs-group.li\/en\/wp-json\/wp\/v2\/pages\/327","targetHints":{"allow":["GET"]}}],"collection":[{"href":"https:\/\/ivs-group.li\/en\/wp-json\/wp\/v2\/pages"}],"about":[{"href":"https:\/\/ivs-group.li\/en\/wp-json\/wp\/v2\/types\/page"}],"author":[{"embeddable":true,"href":"https:\/\/ivs-group.li\/en\/wp-json\/wp\/v2\/users\/1"}],"replies":[{"embeddable":true,"href":"https:\/\/ivs-group.li\/en\/wp-json\/wp\/v2\/comments?post=327"}],"version-history":[{"count":5,"href":"https:\/\/ivs-group.li\/en\/wp-json\/wp\/v2\/pages\/327\/revisions"}],"predecessor-version":[{"id":456,"href":"https:\/\/ivs-group.li\/en\/wp-json\/wp\/v2\/pages\/327\/revisions\/456"}],"wp:attachment":[{"href":"https:\/\/ivs-group.li\/en\/wp-json\/wp\/v2\/media?parent=327"}],"curies":[{"name":"wp","href":"https:\/\/api.w.org\/{rel}","templated":true}]}}