{"id":315,"date":"2025-04-08T14:48:14","date_gmt":"2025-04-08T12:48:14","guid":{"rendered":"https:\/\/new2025.ivs-group.li\/the-professional-protector\/"},"modified":"2025-04-11T18:43:48","modified_gmt":"2025-04-11T16:43:48","slug":"the-professional-protector","status":"publish","type":"page","link":"https:\/\/ivs-group.li\/en\/the-professional-protector\/","title":{"rendered":"The Professional Protector"},"content":{"rendered":"<div class=\"et_pb_section_0 et_pb_section et_section_regular et_flex_section\">\n<div class=\"et_pb_row_0 et_pb_row et_flex_row preset--module--divi-row--default\">\n<div class=\"et_pb_column_0 et_pb_column et-last-child et_flex_column et_pb_css_mix_blend_mode_passthrough et_flex_column_24_24 et_flex_column_24_24_tablet et_flex_column_24_24_phone et_flex_column_24_24_tabletWide\">\n<div class=\"et_pb_image_0 et_pb_image et_pb_module et_flex_module\"><span class=\"et_pb_image_wrap\"><img loading=\"lazy\" decoding=\"async\" src=\"https:\/\/ivs-group.li\/wp-content\/uploads\/2025\/04\/TPP_TheProfessionalProtector_Logo_RGB_RZ.png\" title=\"TPP_TheProfessionalProtector_Logo_RGB_RZ\" width=\"1754\" height=\"1052\" srcset=\"https:\/\/ivs-group.li\/wp-content\/uploads\/2025\/04\/TPP_TheProfessionalProtector_Logo_RGB_RZ.png 1754w, https:\/\/ivs-group.li\/wp-content\/uploads\/2025\/04\/TPP_TheProfessionalProtector_Logo_RGB_RZ-1280x768.png 1280w, https:\/\/ivs-group.li\/wp-content\/uploads\/2025\/04\/TPP_TheProfessionalProtector_Logo_RGB_RZ-980x588.png 980w, https:\/\/ivs-group.li\/wp-content\/uploads\/2025\/04\/TPP_TheProfessionalProtector_Logo_RGB_RZ-480x288.png 480w\" sizes=\"(min-width: 0px) and (max-width: 480px) 480px, (min-width: 481px) and (max-width: 980px) 980px, (min-width: 981px) and (max-width: 1280px) 1280px, (min-width: 1281px) 1754px, 100vw\" class=\"wp-image-243\" \/><\/span><\/div>\n\n<div class=\"et_pb_text_0 et_pb_text et_pb_bg_layout_light et_pb_module et_flex_module preset--module--divi-text--default\"><div class=\"et_pb_text_inner\"><p>With THE PROFESSIONAL PROTECTOR, the Institute for Asset Protection offers you exclusive and very personal advice and support in all asset and property matters by<br \/>Dr. Alexander T. Mohrenschildt LL.M.<\/p>\n<p>With this link we direct you to the homepage of<br \/>THE PROFESSIONAL PROTECTOR:<\/p>\n<p><a href=\"https:\/\/professionalprotector.com\/en\/\">WWW.PROFESSIONALPROTECTOR.COM<\/a><\/p>\n<p>There you will get a first impression of the philosophy and the range of services of<br \/>THE PROFESSIONAL PROTECTOR.<\/p>\n<\/div><\/div>\n<\/div>\n<\/div>\n<\/div>","protected":false},"excerpt":{"rendered":"","protected":false},"author":1,"featured_media":0,"parent":0,"menu_order":30,"comment_status":"closed","ping_status":"closed","template":"","meta":{"footnotes":""},"class_list":["post-315","page","type-page","status-publish","hentry"],"yoast_head":"<!-- This site is optimized with the Yoast SEO plugin v27.4 - https:\/\/yoast.com\/product\/yoast-seo-wordpress\/ -->\n<title>The Professional Protector - IVS - Institut f\u00fcr Verm\u00f6genssicherung<\/title>\n<meta name=\"description\" content=\"IVS - Institut f\u00fcr Verm\u00f6genssicherung bietet massgeschneiderte, modular aufgebaute Dienstleistungen f\u00fcr Familien und Einzelpersonen im deutschsprachigen Raum an.\" \/>\n<meta name=\"robots\" content=\"index, follow, max-snippet:-1, max-image-preview:large, max-video-preview:-1\" \/>\n<link rel=\"canonical\" href=\"https:\/\/ivs-group.li\/en\/the-professional-protector\/\" \/>\n<meta property=\"og:locale\" content=\"en_US\" \/>\n<meta property=\"og:type\" content=\"article\" \/>\n<meta property=\"og:title\" content=\"The Professional Protector - IVS - Institut f\u00fcr Verm\u00f6genssicherung\" \/>\n<meta property=\"og:description\" content=\"IVS - Institut f\u00fcr Verm\u00f6genssicherung bietet massgeschneiderte, modular aufgebaute Dienstleistungen f\u00fcr Familien und Einzelpersonen im deutschsprachigen Raum an.\" \/>\n<meta property=\"og:url\" content=\"https:\/\/ivs-group.li\/en\/the-professional-protector\/\" \/>\n<meta property=\"og:site_name\" content=\"IVS - Institut f\u00fcr Verm\u00f6genssicherung\" \/>\n<meta property=\"article:modified_time\" content=\"2025-04-11T16:43:48+00:00\" \/>\n<meta name=\"twitter:card\" content=\"summary_large_image\" \/>\n<script type=\"application\/ld+json\" class=\"yoast-schema-graph\">{\"@context\":\"https:\\\/\\\/schema.org\",\"@graph\":[{\"@type\":\"WebPage\",\"@id\":\"https:\\\/\\\/ivs-group.li\\\/en\\\/the-professional-protector\\\/\",\"url\":\"https:\\\/\\\/ivs-group.li\\\/en\\\/the-professional-protector\\\/\",\"name\":\"The Professional Protector - IVS - Institut f\u00fcr Verm\u00f6genssicherung\",\"isPartOf\":{\"@id\":\"https:\\\/\\\/ivs-group.li\\\/en\\\/#website\"},\"datePublished\":\"2025-04-08T12:48:14+00:00\",\"dateModified\":\"2025-04-11T16:43:48+00:00\",\"description\":\"IVS - Institut f\u00fcr Verm\u00f6genssicherung bietet massgeschneiderte, modular aufgebaute Dienstleistungen f\u00fcr Familien und Einzelpersonen im deutschsprachigen Raum an.\",\"breadcrumb\":{\"@id\":\"https:\\\/\\\/ivs-group.li\\\/en\\\/the-professional-protector\\\/#breadcrumb\"},\"inLanguage\":\"en-US\",\"potentialAction\":[{\"@type\":\"ReadAction\",\"target\":[\"https:\\\/\\\/ivs-group.li\\\/en\\\/the-professional-protector\\\/\"]}]},{\"@type\":\"BreadcrumbList\",\"@id\":\"https:\\\/\\\/ivs-group.li\\\/en\\\/the-professional-protector\\\/#breadcrumb\",\"itemListElement\":[{\"@type\":\"ListItem\",\"position\":1,\"name\":\"Home\",\"item\":\"https:\\\/\\\/ivs-group.li\\\/en\\\/\"},{\"@type\":\"ListItem\",\"position\":2,\"name\":\"The Professional Protector\"}]},{\"@type\":\"WebSite\",\"@id\":\"https:\\\/\\\/ivs-group.li\\\/en\\\/#website\",\"url\":\"https:\\\/\\\/ivs-group.li\\\/en\\\/\",\"name\":\"IVS - Institut f\u00fcr Verm\u00f6genssicherung\",\"description\":\"\",\"potentialAction\":[{\"@type\":\"SearchAction\",\"target\":{\"@type\":\"EntryPoint\",\"urlTemplate\":\"https:\\\/\\\/ivs-group.li\\\/en\\\/?s={search_term_string}\"},\"query-input\":{\"@type\":\"PropertyValueSpecification\",\"valueRequired\":true,\"valueName\":\"search_term_string\"}}],\"inLanguage\":\"en-US\"}]}<\/script>\n<!-- \/ Yoast SEO plugin. -->","yoast_head_json":{"title":"The Professional Protector - IVS - Institut f\u00fcr Verm\u00f6genssicherung","description":"IVS - Institut f\u00fcr Verm\u00f6genssicherung bietet massgeschneiderte, modular aufgebaute Dienstleistungen f\u00fcr Familien und Einzelpersonen im deutschsprachigen Raum an.","robots":{"index":"index","follow":"follow","max-snippet":"max-snippet:-1","max-image-preview":"max-image-preview:large","max-video-preview":"max-video-preview:-1"},"canonical":"https:\/\/ivs-group.li\/en\/the-professional-protector\/","og_locale":"en_US","og_type":"article","og_title":"The Professional Protector - IVS - Institut f\u00fcr Verm\u00f6genssicherung","og_description":"IVS - Institut f\u00fcr Verm\u00f6genssicherung bietet massgeschneiderte, modular aufgebaute Dienstleistungen f\u00fcr Familien und Einzelpersonen im deutschsprachigen Raum an.","og_url":"https:\/\/ivs-group.li\/en\/the-professional-protector\/","og_site_name":"IVS - Institut f\u00fcr Verm\u00f6genssicherung","article_modified_time":"2025-04-11T16:43:48+00:00","twitter_card":"summary_large_image","schema":{"@context":"https:\/\/schema.org","@graph":[{"@type":"WebPage","@id":"https:\/\/ivs-group.li\/en\/the-professional-protector\/","url":"https:\/\/ivs-group.li\/en\/the-professional-protector\/","name":"The Professional Protector - IVS - Institut f\u00fcr Verm\u00f6genssicherung","isPartOf":{"@id":"https:\/\/ivs-group.li\/en\/#website"},"datePublished":"2025-04-08T12:48:14+00:00","dateModified":"2025-04-11T16:43:48+00:00","description":"IVS - Institut f\u00fcr Verm\u00f6genssicherung bietet massgeschneiderte, modular aufgebaute Dienstleistungen f\u00fcr Familien und Einzelpersonen im deutschsprachigen Raum an.","breadcrumb":{"@id":"https:\/\/ivs-group.li\/en\/the-professional-protector\/#breadcrumb"},"inLanguage":"en-US","potentialAction":[{"@type":"ReadAction","target":["https:\/\/ivs-group.li\/en\/the-professional-protector\/"]}]},{"@type":"BreadcrumbList","@id":"https:\/\/ivs-group.li\/en\/the-professional-protector\/#breadcrumb","itemListElement":[{"@type":"ListItem","position":1,"name":"Home","item":"https:\/\/ivs-group.li\/en\/"},{"@type":"ListItem","position":2,"name":"The Professional Protector"}]},{"@type":"WebSite","@id":"https:\/\/ivs-group.li\/en\/#website","url":"https:\/\/ivs-group.li\/en\/","name":"IVS - Institut f\u00fcr Verm\u00f6genssicherung","description":"","potentialAction":[{"@type":"SearchAction","target":{"@type":"EntryPoint","urlTemplate":"https:\/\/ivs-group.li\/en\/?s={search_term_string}"},"query-input":{"@type":"PropertyValueSpecification","valueRequired":true,"valueName":"search_term_string"}}],"inLanguage":"en-US"}]}},"_links":{"self":[{"href":"https:\/\/ivs-group.li\/en\/wp-json\/wp\/v2\/pages\/315","targetHints":{"allow":["GET"]}}],"collection":[{"href":"https:\/\/ivs-group.li\/en\/wp-json\/wp\/v2\/pages"}],"about":[{"href":"https:\/\/ivs-group.li\/en\/wp-json\/wp\/v2\/types\/page"}],"author":[{"embeddable":true,"href":"https:\/\/ivs-group.li\/en\/wp-json\/wp\/v2\/users\/1"}],"replies":[{"embeddable":true,"href":"https:\/\/ivs-group.li\/en\/wp-json\/wp\/v2\/comments?post=315"}],"version-history":[{"count":1,"href":"https:\/\/ivs-group.li\/en\/wp-json\/wp\/v2\/pages\/315\/revisions"}],"predecessor-version":[{"id":316,"href":"https:\/\/ivs-group.li\/en\/wp-json\/wp\/v2\/pages\/315\/revisions\/316"}],"wp:attachment":[{"href":"https:\/\/ivs-group.li\/en\/wp-json\/wp\/v2\/media?parent=315"}],"curies":[{"name":"wp","href":"https:\/\/api.w.org\/{rel}","templated":true}]}}