{"id":307,"date":"2025-04-08T14:47:27","date_gmt":"2025-04-08T12:47:27","guid":{"rendered":"https:\/\/new2025.ivs-group.li\/management-consultancy\/"},"modified":"2025-04-14T12:07:37","modified_gmt":"2025-04-14T10:07:37","slug":"management-consultancy","status":"publish","type":"page","link":"https:\/\/ivs-group.li\/en\/management-consultancy\/","title":{"rendered":"Management consultancy"},"content":{"rendered":"<div class=\"et_pb_section_0 et_pb_section et_section_regular et_flex_section\">\n<div class=\"et_pb_row_0 et_pb_row et_flex_row preset--module--divi-row--default\">\n<div class=\"et_pb_column_0 et_pb_column et-last-child et_flex_column et_pb_css_mix_blend_mode_passthrough et_flex_column_24_24 et_flex_column_24_24_tablet et_flex_column_24_24_phone et_flex_column_24_24_tabletWide\">\n<div class=\"et_pb_text_0 et_pb_text et_pb_bg_layout_light et_pb_module et_flex_module preset--module--divi-text--default\"><div class=\"et_pb_text_inner\"><p><em>\u201cOur solutions grow and change with our clients\u2019 demands and the national and international framework conditions \u2013 standing still would be taking a step backwards\u201d<\/em><\/p>\n<\/div><\/div>\n<\/div>\n<\/div>\n<\/div>\n\n<div class=\"et_pb_section_1 et_pb_section et_section_regular et_flex_section\">\n<div class=\"et_pb_row_1 et_pb_row et_flex_row preset--module--divi-row--default\">\n<div class=\"et_pb_column_1 et_pb_column et-last-child et_flex_column et_pb_css_mix_blend_mode_passthrough et_flex_column_24_24 et_flex_column_24_24_tablet et_flex_column_24_24_phone et_flex_column_24_24_tabletWide\">\n<div class=\"et_pb_text_1 et_pb_text et_pb_bg_layout_light et_pb_module et_flex_module preset--module--divi-text--default\"><div class=\"et_pb_text_inner\"><h1 class=\"headline \">Management Consulting for Financial Service Providers<\/h1>\n<\/div><\/div>\n\n<div class=\"et_pb_text_2 et_pb_text et_pb_bg_layout_light et_pb_module et_flex_module preset--module--divi-text--default\"><div class=\"et_pb_text_inner\"><p>INSTITUT F\u00dcR VERM\u00d6GENSSICHERUNG offers selected areas of classical management consulting, where we attach great importance to content and practical implementation.<br \/>We primarily see ourselves as product and marketing consultants for financial service providers.<\/p>\n<ul>\n<li>Which products, services and offers will help you advance in your market and with your clients?<\/li>\n<\/ul>\n<p>Our solutions are pragmatic, our services from one single source. We measure ourselves by your success.<\/p>\n<\/div><\/div>\n<\/div>\n<\/div>\n<\/div>\n\n<div class=\"et_pb_section_2 et_pb_section et_section_regular et_flex_section\">\n<div class=\"et_pb_row_2 et_pb_row et_flex_row preset--module--divi-row--default\">\n<div class=\"et_pb_column_2 et_pb_column et-last-child et_flex_column et_pb_css_mix_blend_mode_passthrough et_flex_column_24_24 et_flex_column_24_24_tablet et_flex_column_24_24_phone et_flex_column_24_24_tabletWide\">\n<div class=\"et_pb_text_3 et_pb_text et_pb_bg_layout_light et_pb_module et_flex_module preset--module--divi-text--default\"><div class=\"et_pb_text_inner\"><h1 class=\"headline \">Product Development<\/h1>\n<\/div><\/div>\n\n<div class=\"et_pb_text_4 et_pb_text et_pb_bg_layout_light et_pb_module et_flex_module preset--module--divi-text--default\"><div class=\"et_pb_text_inner\"><p>If you want to stay one step ahead with your financial products, you have come to the right place.<\/p>\n<ul>\n<li>Do you want to set yourself apart from the competition with intelligent, contemporary products or solutions?<\/li>\n<li>Do you want to act in a timely manner before the framework conditions change and not just react afterwards?<\/li>\n<li>Do you want to offer successful solutions and products from other markets on your home market before your competitors do?<\/li>\n<li>Do you want to inspire your clients with attractive, intelligent products?<\/li>\n<\/ul>\n<p>We are happy to review your ideas and concepts with you. We assess the feasibility and implementation, analyse strengths and weaknesses and identify potential for improvement.<\/p>\n<\/div><\/div>\n<\/div>\n<\/div>\n<\/div>\n\n<div class=\"et_pb_section_3 et_pb_section et_section_regular et_flex_section\">\n<div class=\"et_pb_row_3 et_pb_row et_flex_row preset--module--divi-row--default\">\n<div class=\"et_pb_column_3 et_pb_column et-last-child et_flex_column et_pb_css_mix_blend_mode_passthrough et_flex_column_24_24 et_flex_column_24_24_tablet et_flex_column_24_24_phone et_flex_column_24_24_tabletWide\">\n<div class=\"et_pb_text_5 et_pb_text et_pb_bg_layout_light et_pb_module et_flex_module preset--module--divi-text--default\"><div class=\"et_pb_text_inner\"><h1>Marketing Consultancy<\/h1>\n<\/div><\/div>\n\n<div class=\"et_pb_text_6 et_pb_text et_pb_bg_layout_light et_pb_module et_flex_module preset--module--divi-text--default\"><div class=\"et_pb_text_inner\"><p>We support you with analysing the legal, tax and regulatory market.<\/p>\n<\/div><\/div>\n\n<div class=\"et_pb_text_7 et_pb_text et_pb_bg_layout_light et_pb_module et_flex_module preset--module--divi-text--default\"><div class=\"et_pb_text_inner\"><ul>\n<li>How do you fare in the competition with your competitors?<\/li>\n<li>Which product development and marketing measures may improve your position?<\/li>\n<\/ul>\n<\/div><\/div>\n<\/div>\n<\/div>\n<\/div>\n\n<div class=\"et_pb_section_4 et_pb_section et_section_regular et_flex_section\">\n<div class=\"et_pb_row_4 et_pb_row et_flex_row preset--module--divi-row--default\">\n<div class=\"et_pb_column_4 et_pb_column et-last-child et_flex_column et_pb_css_mix_blend_mode_passthrough et_flex_column_24_24 et_flex_column_24_24_tablet et_flex_column_24_24_phone et_flex_column_24_24_tabletWide\">\n<div class=\"et_pb_text_8 et_pb_text et_pb_bg_layout_light et_pb_module et_flex_module preset--module--divi-text--default\"><div class=\"et_pb_text_inner\"><h1>Product Implementation<\/h1>\n<\/div><\/div>\n\n<div class=\"et_pb_text_9 et_pb_text et_pb_bg_layout_light et_pb_module et_flex_module preset--module--divi-text--default\"><div class=\"et_pb_text_inner\"><p><span>INSTITUT F\u00dcR VERM\u00d6GENSSICHERUNG assists you after or parallel to product development with the design, development, structure and implementation of the developed financial service products.<\/span><\/p>\n<\/div><\/div>\n<\/div>\n<\/div>\n<\/div>\n\n<div class=\"et_pb_section_5 et_pb_section et_section_regular et_flex_section\">\n<div class=\"et_pb_row_5 et_pb_row et_flex_row preset--module--divi-row--default\">\n<div class=\"et_pb_column_5 et_pb_column et-last-child et_flex_column et_pb_css_mix_blend_mode_passthrough et_flex_column_24_24 et_flex_column_24_24_tablet et_flex_column_24_24_phone et_flex_column_24_24_tabletWide\">\n<div class=\"et_pb_text_10 et_pb_text et_pb_bg_layout_light et_pb_module et_flex_module preset--module--divi-text--default\"><div class=\"et_pb_text_inner\"><h1>Marketing and Sales Support<\/h1>\n<\/div><\/div>\n\n<div class=\"et_pb_text_11 et_pb_text et_pb_bg_layout_light et_pb_module et_flex_module preset--module--divi-text--default\"><div class=\"et_pb_text_inner\"><p>Even the best products will only help you to a limited extent if their introduction and placement are not accompanied by the right marketing and acquisition measures.<\/p>\n<\/div><\/div>\n\n<div class=\"et_pb_text_12 et_pb_text et_pb_bg_layout_light et_pb_module et_flex_module preset--module--divi-text--default\"><div class=\"et_pb_text_inner\"><ul>\n<li>Do you have the right team for your affluent target client\u00e8le (HNWI)?<\/li>\n<li>Have you segmented your A clients correctly?<\/li>\n<li>Are the measures tailored to this affluent client\u00e8le?<\/li>\n<li>Are the resources available in the right quantity and quality for these affluent private clients?<\/li>\n<\/ul>\n<\/div><\/div>\n<\/div>\n<\/div>\n<\/div>\n\n<div class=\"et_pb_section_6 et_pb_section et_section_regular et_flex_section\">\n<div class=\"et_pb_row_6 et_pb_row et_flex_row preset--module--divi-row--default\">\n<div class=\"et_pb_column_6 et_pb_column et-last-child et_flex_column et_pb_css_mix_blend_mode_passthrough et_flex_column_24_24 et_flex_column_24_24_tablet et_flex_column_24_24_phone et_flex_column_24_24_tabletWide\">\n<div class=\"et_pb_text_13 et_pb_text et_pb_bg_layout_light et_pb_module et_flex_module preset--module--divi-text--default\"><div class=\"et_pb_text_inner\"><h1>Distribution Channels<\/h1>\n<\/div><\/div>\n\n<div class=\"et_pb_text_14 et_pb_text et_pb_bg_layout_light et_pb_module et_flex_module preset--module--divi-text--default\"><div class=\"et_pb_text_inner\"><p>Are you using the right sales channels? Can your solutions be extended to other distribution channels?\u2028Successful providers today use a wide variety of channels to achieve success with tailor-made offers:<\/p>\n<\/div><\/div>\n\n<div class=\"et_pb_text_15 et_pb_text et_pb_bg_layout_light et_pb_module et_flex_module preset--module--divi-text--default\"><div class=\"et_pb_text_inner\"><ul>\n<li>Special consultancy\/Wealth planning<\/li>\n<li>Self-employed or salaried sales<\/li>\n<li>Own employees<\/li>\n<li>Independent brokers\/distributors<\/li>\n<li>Internet<\/li>\n<\/ul>\n<\/div><\/div>\n<\/div>\n<\/div>\n<\/div>\n\n<div class=\"et_pb_section_7 et_pb_section et_section_regular et_flex_section\">\n<div class=\"et_pb_row_7 et_pb_row et_flex_row preset--module--divi-row--default\">\n<div class=\"et_pb_column_7 et_pb_column et-last-child et_flex_column et_pb_css_mix_blend_mode_passthrough et_flex_column_24_24 et_flex_column_24_24_tablet et_flex_column_24_24_phone et_flex_column_24_24_tabletWide\">\n<div class=\"et_pb_image_0 et_pb_image et_pb_module et_flex_module my-parallax-image\"><span class=\"et_pb_image_wrap\"><img loading=\"lazy\" decoding=\"async\" src=\"https:\/\/ivs-group.li\/wp-content\/uploads\/2025\/04\/Weisser_Wuerfel.jpg\" title=\"Weisser_Wuerfel\" width=\"1079\" height=\"1665\" srcset=\"https:\/\/ivs-group.li\/wp-content\/uploads\/2025\/04\/Weisser_Wuerfel.jpg 1079w, https:\/\/ivs-group.li\/wp-content\/uploads\/2025\/04\/Weisser_Wuerfel-980x1512.jpg 980w, https:\/\/ivs-group.li\/wp-content\/uploads\/2025\/04\/Weisser_Wuerfel-480x741.jpg 480w\" sizes=\"(min-width: 0px) and (max-width: 480px) 480px, (min-width: 481px) and (max-width: 980px) 980px, (min-width: 981px) 1079px, 100vw\" class=\"wp-image-234\" \/><\/span><\/div>\n<\/div>\n<\/div>\n<\/div>\n\n<div class=\"et_pb_section_8 et_pb_section et_section_regular et_flex_section\">\n<div class=\"et_pb_row_8 et_pb_row et_flex_row preset--module--divi-row--default\">\n<div class=\"et_pb_column_8 et_pb_column et-last-child et_flex_column et_pb_css_mix_blend_mode_passthrough et_flex_column_24_24 et_flex_column_24_24_tablet et_flex_column_24_24_phone et_flex_column_24_24_tabletWide\">\n<div class=\"et_pb_text_16 et_pb_text et_pb_bg_layout_light et_pb_module et_flex_module preset--module--divi-text--default\"><div class=\"et_pb_text_inner\"><h1>Consultancy and Support for Semi-Institutional Investors<\/h1>\n<\/div><\/div>\n\n<div class=\"et_pb_text_17 et_pb_text et_pb_bg_layout_light et_pb_module et_flex_module preset--module--divi-text--default\"><div class=\"et_pb_text_inner\"><ul>\n<li>Are you looking for solutions in the cross-border international or European insurance sector?<\/li>\n<li>Do you want your own insurance rate?<\/li>\n<li>Are you looking for experts for unit-linked insurance?<\/li>\n<li>Are you looking for the right legal and tax product for a specific market?<\/li>\n<li>Are you looking for the right structure for your assets to optimise your investment behaviour?<\/li>\n<\/ul>\n<p>INSTITUT F\u00dcR VERM\u00d6GENSSICHERUNG supports you with an international network of experts. We meet these challenges and find suitable solutions together.<\/p>\n<\/div><\/div>\n<\/div>\n<\/div>\n<\/div>\n\n<div class=\"et_pb_section_9 et_pb_section et_section_regular et_flex_section\">\n<div class=\"et_pb_row_9 et_pb_row et_flex_row preset--module--divi-row--default\">\n<div class=\"et_pb_column_9 et_pb_column et-last-child et_flex_column et_pb_css_mix_blend_mode_passthrough et_flex_column_24_24 et_flex_column_24_24_tablet et_flex_column_24_24_phone et_flex_column_24_24_tabletWide\">\n<div class=\"et_pb_text_18 et_pb_text et_pb_bg_layout_light et_pb_module et_flex_module preset--module--divi-text--default\"><div class=\"et_pb_text_inner\"><h1>Business Expansion and Business Segment Implementation<\/h1>\n<\/div><\/div>\n\n<div class=\"et_pb_text_19 et_pb_text et_pb_bg_layout_light et_pb_module et_flex_module preset--module--divi-text--default\"><div class=\"et_pb_text_inner\"><p><span>Do you see your company in new markets in the next few years? Do you want to inspire new clients with new products and grow in a international environment?<\/span><br \/><span>Due to our remarkable and long-standing work on cross-border solutions, we know exactly what the opportunities and challenges are for multinational links.<\/span><\/p>\n<\/div><\/div>\n<\/div>\n<\/div>\n<\/div>\n\n<div class=\"et_pb_section_10 et_pb_section et_section_regular et_flex_section\">\n<div class=\"et_pb_row_10 et_pb_row et_flex_row preset--module--divi-row--default\">\n<div class=\"et_pb_column_10 et_pb_column et-last-child et_flex_column et_pb_css_mix_blend_mode_passthrough et_flex_column_24_24 et_flex_column_24_24_tablet et_flex_column_24_24_phone et_flex_column_24_24_tabletWide\">\n<div class=\"et_pb_text_20 et_pb_text et_pb_bg_layout_light et_pb_module et_flex_module preset--module--divi-text--default\"><div class=\"et_pb_text_inner\"><h1>European Private Bank Assurance<\/h1>\n<\/div><\/div>\n\n<div class=\"et_pb_text_21 et_pb_text et_pb_bg_layout_light et_pb_module et_flex_module preset--module--divi-text--default\"><div class=\"et_pb_text_inner\"><p>INSTITUT F\u00dcR VERM\u00d6GENSSICHERUNG specialises in companies in the financial services sector.<\/p>\n<p>We are experts for European Private Bank Assurance and Private Placement Life Insurance, specifically for implementation within the EU and the EEA. We are happy to assist companies in merging different service providers into an overall concept or take on individual modules as part of a single agreement:<\/p>\n<\/div><\/div>\n\n<div class=\"et_pb_text_22 et_pb_text et_pb_bg_layout_light et_pb_module et_flex_module preset--module--divi-text--default\"><div class=\"et_pb_text_inner\"><ul>\n<li>Analysis of the initial situation<\/li>\n<li>Choice of possible locations<\/li>\n<li>Business case and project plan<\/li>\n<li>Services, product implementation and acquisition structure<\/li>\n<li>Profitability<\/li>\n<li>In-house implementation<\/li>\n<li>Implementation<\/li>\n<\/ul>\n<\/div><\/div>\n<\/div>\n<\/div>\n<\/div>","protected":false},"excerpt":{"rendered":"<p>Benefit from our many years of experience and our large network in the financial sector.<\/p>\n","protected":false},"author":1,"featured_media":280,"parent":0,"menu_order":20,"comment_status":"closed","ping_status":"closed","template":"","meta":{"footnotes":""},"class_list":["post-307","page","type-page","status-publish","has-post-thumbnail","hentry"],"yoast_head":"<!-- This site is optimized with the Yoast SEO plugin v27.4 - https:\/\/yoast.com\/product\/yoast-seo-wordpress\/ -->\n<title>Management consultancy - IVS - Institut f\u00fcr Verm\u00f6genssicherung<\/title>\n<meta name=\"description\" content=\"IVS - Institut f\u00fcr Verm\u00f6genssicherung bietet massgeschneiderte, modular aufgebaute Dienstleistungen f\u00fcr Familien und Einzelpersonen im deutschsprachigen Raum an.\" \/>\n<meta name=\"robots\" content=\"index, follow, max-snippet:-1, max-image-preview:large, max-video-preview:-1\" \/>\n<link rel=\"canonical\" href=\"https:\/\/ivs-group.li\/en\/management-consultancy\/\" \/>\n<meta property=\"og:locale\" content=\"en_US\" \/>\n<meta property=\"og:type\" content=\"article\" \/>\n<meta property=\"og:title\" content=\"Management consultancy - IVS - Institut f\u00fcr Verm\u00f6genssicherung\" \/>\n<meta property=\"og:description\" content=\"IVS - Institut f\u00fcr Verm\u00f6genssicherung bietet massgeschneiderte, modular aufgebaute Dienstleistungen f\u00fcr Familien und Einzelpersonen im deutschsprachigen Raum an.\" \/>\n<meta property=\"og:url\" content=\"https:\/\/ivs-group.li\/en\/management-consultancy\/\" \/>\n<meta property=\"og:site_name\" content=\"IVS - Institut f\u00fcr Verm\u00f6genssicherung\" \/>\n<meta property=\"article:modified_time\" content=\"2025-04-14T10:07:37+00:00\" \/>\n<meta property=\"og:image\" content=\"https:\/\/ivs-group.li\/wp-content\/uploads\/2025\/04\/Hintergrund2_klein_web.jpg\" \/>\n\t<meta property=\"og:image:width\" content=\"1680\" \/>\n\t<meta property=\"og:image:height\" content=\"1091\" \/>\n\t<meta property=\"og:image:type\" content=\"image\/jpeg\" \/>\n<meta name=\"twitter:card\" content=\"summary_large_image\" \/>\n<script type=\"application\/ld+json\" class=\"yoast-schema-graph\">{\"@context\":\"https:\\\/\\\/schema.org\",\"@graph\":[{\"@type\":\"WebPage\",\"@id\":\"https:\\\/\\\/ivs-group.li\\\/en\\\/management-consultancy\\\/\",\"url\":\"https:\\\/\\\/ivs-group.li\\\/en\\\/management-consultancy\\\/\",\"name\":\"Management consultancy - IVS - Institut f\u00fcr Verm\u00f6genssicherung\",\"isPartOf\":{\"@id\":\"https:\\\/\\\/ivs-group.li\\\/en\\\/#website\"},\"primaryImageOfPage\":{\"@id\":\"https:\\\/\\\/ivs-group.li\\\/en\\\/management-consultancy\\\/#primaryimage\"},\"image\":{\"@id\":\"https:\\\/\\\/ivs-group.li\\\/en\\\/management-consultancy\\\/#primaryimage\"},\"thumbnailUrl\":\"https:\\\/\\\/ivs-group.li\\\/wp-content\\\/uploads\\\/2025\\\/04\\\/Hintergrund2_klein_web.jpg\",\"datePublished\":\"2025-04-08T12:47:27+00:00\",\"dateModified\":\"2025-04-14T10:07:37+00:00\",\"description\":\"IVS - Institut f\u00fcr Verm\u00f6genssicherung bietet massgeschneiderte, modular aufgebaute Dienstleistungen f\u00fcr Familien und Einzelpersonen im deutschsprachigen Raum an.\",\"breadcrumb\":{\"@id\":\"https:\\\/\\\/ivs-group.li\\\/en\\\/management-consultancy\\\/#breadcrumb\"},\"inLanguage\":\"en-US\",\"potentialAction\":[{\"@type\":\"ReadAction\",\"target\":[\"https:\\\/\\\/ivs-group.li\\\/en\\\/management-consultancy\\\/\"]}]},{\"@type\":\"ImageObject\",\"inLanguage\":\"en-US\",\"@id\":\"https:\\\/\\\/ivs-group.li\\\/en\\\/management-consultancy\\\/#primaryimage\",\"url\":\"https:\\\/\\\/ivs-group.li\\\/wp-content\\\/uploads\\\/2025\\\/04\\\/Hintergrund2_klein_web.jpg\",\"contentUrl\":\"https:\\\/\\\/ivs-group.li\\\/wp-content\\\/uploads\\\/2025\\\/04\\\/Hintergrund2_klein_web.jpg\",\"width\":1680,\"height\":1091},{\"@type\":\"BreadcrumbList\",\"@id\":\"https:\\\/\\\/ivs-group.li\\\/en\\\/management-consultancy\\\/#breadcrumb\",\"itemListElement\":[{\"@type\":\"ListItem\",\"position\":1,\"name\":\"Home\",\"item\":\"https:\\\/\\\/ivs-group.li\\\/en\\\/\"},{\"@type\":\"ListItem\",\"position\":2,\"name\":\"Management consultancy\"}]},{\"@type\":\"WebSite\",\"@id\":\"https:\\\/\\\/ivs-group.li\\\/en\\\/#website\",\"url\":\"https:\\\/\\\/ivs-group.li\\\/en\\\/\",\"name\":\"IVS - Institut f\u00fcr Verm\u00f6genssicherung\",\"description\":\"\",\"potentialAction\":[{\"@type\":\"SearchAction\",\"target\":{\"@type\":\"EntryPoint\",\"urlTemplate\":\"https:\\\/\\\/ivs-group.li\\\/en\\\/?s={search_term_string}\"},\"query-input\":{\"@type\":\"PropertyValueSpecification\",\"valueRequired\":true,\"valueName\":\"search_term_string\"}}],\"inLanguage\":\"en-US\"}]}<\/script>\n<!-- \/ Yoast SEO plugin. -->","yoast_head_json":{"title":"Management consultancy - IVS - Institut f\u00fcr Verm\u00f6genssicherung","description":"IVS - Institut f\u00fcr Verm\u00f6genssicherung bietet massgeschneiderte, modular aufgebaute Dienstleistungen f\u00fcr Familien und Einzelpersonen im deutschsprachigen Raum an.","robots":{"index":"index","follow":"follow","max-snippet":"max-snippet:-1","max-image-preview":"max-image-preview:large","max-video-preview":"max-video-preview:-1"},"canonical":"https:\/\/ivs-group.li\/en\/management-consultancy\/","og_locale":"en_US","og_type":"article","og_title":"Management consultancy - IVS - Institut f\u00fcr Verm\u00f6genssicherung","og_description":"IVS - Institut f\u00fcr Verm\u00f6genssicherung bietet massgeschneiderte, modular aufgebaute Dienstleistungen f\u00fcr Familien und Einzelpersonen im deutschsprachigen Raum an.","og_url":"https:\/\/ivs-group.li\/en\/management-consultancy\/","og_site_name":"IVS - Institut f\u00fcr Verm\u00f6genssicherung","article_modified_time":"2025-04-14T10:07:37+00:00","og_image":[{"width":1680,"height":1091,"url":"https:\/\/ivs-group.li\/wp-content\/uploads\/2025\/04\/Hintergrund2_klein_web.jpg","type":"image\/jpeg"}],"twitter_card":"summary_large_image","schema":{"@context":"https:\/\/schema.org","@graph":[{"@type":"WebPage","@id":"https:\/\/ivs-group.li\/en\/management-consultancy\/","url":"https:\/\/ivs-group.li\/en\/management-consultancy\/","name":"Management consultancy - IVS - Institut f\u00fcr Verm\u00f6genssicherung","isPartOf":{"@id":"https:\/\/ivs-group.li\/en\/#website"},"primaryImageOfPage":{"@id":"https:\/\/ivs-group.li\/en\/management-consultancy\/#primaryimage"},"image":{"@id":"https:\/\/ivs-group.li\/en\/management-consultancy\/#primaryimage"},"thumbnailUrl":"https:\/\/ivs-group.li\/wp-content\/uploads\/2025\/04\/Hintergrund2_klein_web.jpg","datePublished":"2025-04-08T12:47:27+00:00","dateModified":"2025-04-14T10:07:37+00:00","description":"IVS - Institut f\u00fcr Verm\u00f6genssicherung bietet massgeschneiderte, modular aufgebaute Dienstleistungen f\u00fcr Familien und Einzelpersonen im deutschsprachigen Raum an.","breadcrumb":{"@id":"https:\/\/ivs-group.li\/en\/management-consultancy\/#breadcrumb"},"inLanguage":"en-US","potentialAction":[{"@type":"ReadAction","target":["https:\/\/ivs-group.li\/en\/management-consultancy\/"]}]},{"@type":"ImageObject","inLanguage":"en-US","@id":"https:\/\/ivs-group.li\/en\/management-consultancy\/#primaryimage","url":"https:\/\/ivs-group.li\/wp-content\/uploads\/2025\/04\/Hintergrund2_klein_web.jpg","contentUrl":"https:\/\/ivs-group.li\/wp-content\/uploads\/2025\/04\/Hintergrund2_klein_web.jpg","width":1680,"height":1091},{"@type":"BreadcrumbList","@id":"https:\/\/ivs-group.li\/en\/management-consultancy\/#breadcrumb","itemListElement":[{"@type":"ListItem","position":1,"name":"Home","item":"https:\/\/ivs-group.li\/en\/"},{"@type":"ListItem","position":2,"name":"Management consultancy"}]},{"@type":"WebSite","@id":"https:\/\/ivs-group.li\/en\/#website","url":"https:\/\/ivs-group.li\/en\/","name":"IVS - Institut f\u00fcr Verm\u00f6genssicherung","description":"","potentialAction":[{"@type":"SearchAction","target":{"@type":"EntryPoint","urlTemplate":"https:\/\/ivs-group.li\/en\/?s={search_term_string}"},"query-input":{"@type":"PropertyValueSpecification","valueRequired":true,"valueName":"search_term_string"}}],"inLanguage":"en-US"}]}},"_links":{"self":[{"href":"https:\/\/ivs-group.li\/en\/wp-json\/wp\/v2\/pages\/307","targetHints":{"allow":["GET"]}}],"collection":[{"href":"https:\/\/ivs-group.li\/en\/wp-json\/wp\/v2\/pages"}],"about":[{"href":"https:\/\/ivs-group.li\/en\/wp-json\/wp\/v2\/types\/page"}],"author":[{"embeddable":true,"href":"https:\/\/ivs-group.li\/en\/wp-json\/wp\/v2\/users\/1"}],"replies":[{"embeddable":true,"href":"https:\/\/ivs-group.li\/en\/wp-json\/wp\/v2\/comments?post=307"}],"version-history":[{"count":11,"href":"https:\/\/ivs-group.li\/en\/wp-json\/wp\/v2\/pages\/307\/revisions"}],"predecessor-version":[{"id":403,"href":"https:\/\/ivs-group.li\/en\/wp-json\/wp\/v2\/pages\/307\/revisions\/403"}],"wp:featuredmedia":[{"embeddable":true,"href":"https:\/\/ivs-group.li\/en\/wp-json\/wp\/v2\/media\/280"}],"wp:attachment":[{"href":"https:\/\/ivs-group.li\/en\/wp-json\/wp\/v2\/media?parent=307"}],"curies":[{"name":"wp","href":"https:\/\/api.w.org\/{rel}","templated":true}]}}