{"id":292,"date":"2025-04-08T14:46:47","date_gmt":"2025-04-08T12:46:47","guid":{"rendered":"https:\/\/new2025.ivs-group.li\/family-office\/"},"modified":"2025-04-14T11:58:01","modified_gmt":"2025-04-14T09:58:01","slug":"family-office","status":"publish","type":"page","link":"https:\/\/ivs-group.li\/en\/family-office\/","title":{"rendered":"Family Office"},"content":{"rendered":"<div class=\"et_pb_section_0 et_pb_section et_section_regular et_flex_section\">\n<div class=\"et_pb_row_0 et_pb_row et_flex_row preset--module--divi-row--default\">\n<div class=\"et_pb_column_0 et_pb_column et-last-child et_flex_column et_pb_css_mix_blend_mode_passthrough et_flex_column_24_24 et_flex_column_24_24_tablet et_flex_column_24_24_phone et_flex_column_24_24_tabletWide\">\n<div class=\"et_pb_text_0 et_pb_text et_pb_bg_layout_light et_pb_module et_flex_module preset--module--divi-text--default\"><div class=\"et_pb_text_inner\"><p><em>\u201cWe love the challenge, our clients appreciate our efficient solutions and our excellent network\u201d<\/em><\/p>\n<\/div><\/div>\n<\/div>\n<\/div>\n<\/div>\n\n<div class=\"et_pb_section_1 et_pb_section et_section_regular et_flex_section\">\n<div class=\"et_pb_row_1 et_pb_row et_flex_row preset--module--divi-row--default\">\n<div class=\"et_pb_column_1 et_pb_column et-last-child et_flex_column et_pb_css_mix_blend_mode_passthrough et_flex_column_24_24 et_flex_column_24_24_tablet et_flex_column_24_24_phone et_flex_column_24_24_tabletWide\">\n<div class=\"et_pb_text_1 et_pb_text et_pb_bg_layout_light et_pb_module et_flex_module preset--module--divi-text--default\"><div class=\"et_pb_text_inner\"><h1 class=\"headline \">Multi Family Office<\/h1>\n<\/div><\/div>\n\n<div class=\"et_pb_text_2 et_pb_text et_pb_bg_layout_light et_pb_module et_flex_module preset--module--divi-text--default\"><div class=\"et_pb_text_inner\"><p>If you want to build up and preserve your wealth over generations, you need the right strategies and approaches. Your wealth has an individual, personal history, tied up with emotions and memories. We are your independent partner for family office services around the world.<\/p>\n<p>We accompany our clients over generations with the necessary foresight. We support you in financial generation planning at home and abroad and put you in touch with suitable experts. We know from experience how important long-term, generation-spanning financial strategies are.<\/p>\n<p>We focus all our attention on the requirements of daily life, your wishes and needs. We are also happy to assist you in managing your real estate, organising travel and study trips and other things that take up valuable time.<\/p>\n<\/div><\/div>\n<\/div>\n<\/div>\n<\/div>\n\n<div class=\"et_pb_section_2 et_pb_section et_section_regular et_flex_section\">\n<div class=\"et_pb_row_2 et_pb_row et_flex_row preset--module--divi-row--default\">\n<div class=\"et_pb_column_2 et_pb_column et-last-child et_flex_column et_pb_css_mix_blend_mode_passthrough et_flex_column_24_24 et_flex_column_24_24_tablet et_flex_column_24_24_phone et_flex_column_24_24_tabletWide\">\n<div class=\"et_pb_text_3 et_pb_text et_pb_bg_layout_light et_pb_module et_flex_module preset--module--divi-text--default\"><div class=\"et_pb_text_inner\"><h1 class=\"headline \">Our Services<\/h1>\n<\/div><\/div>\n\n<div class=\"et_pb_text_4 et_pb_text et_pb_bg_layout_light et_pb_module et_flex_module preset--module--divi-text--default\"><div class=\"et_pb_text_inner\"><p><span>Our working together with you starts with us comprehensively analysing all your needs. We define the goals and strategies together. After consolidating and optimising your assets, you will receive our regular report on how your assets are developing. If the market changes, we propose adjustments to ensure that your assets constantly develop well, if required.<\/span><\/p>\n<\/div><\/div>\n<\/div>\n<\/div>\n<\/div>\n\n<div class=\"et_pb_section_3 et_pb_section et_section_regular et_flex_section\">\n<div class=\"et_pb_row_3 et_pb_row et_flex_row preset--module--divi-row--default\">\n<div class=\"et_pb_column_3 et_pb_column et-last-child et_flex_column et_pb_css_mix_blend_mode_passthrough et_flex_column_24_24 et_flex_column_24_24_tablet et_flex_column_24_24_phone et_flex_column_24_24_tabletWide\">\n<div class=\"et_pb_text_5 et_pb_text et_pb_bg_layout_light et_pb_module et_flex_module preset--module--divi-text--default\"><div class=\"et_pb_text_inner\"><h1 class=\"headline \">Assistance and Support<\/h1>\n<\/div><\/div>\n\n<div class=\"et_pb_text_6 et_pb_text et_pb_bg_layout_light et_pb_module et_flex_module preset--module--divi-text--default\"><div class=\"et_pb_text_inner\"><p><span>Anyone who does business internationally and lives their life across borders needs to be backed up by professional organisation. We support our clients organisationally in their business activities and in managing their private assets. We help with the selection and coordination of advisers and ensure that their work adds value to your assets.<\/span><\/p>\n<\/div><\/div>\n<\/div>\n<\/div>\n<\/div>\n\n<div class=\"et_pb_section_4 et_pb_section et_section_regular et_flex_section\">\n<div class=\"et_pb_row_4 et_pb_row et_flex_row preset--module--divi-row--default\">\n<div class=\"et_pb_column_4 et_pb_column et-last-child et_flex_column et_pb_css_mix_blend_mode_passthrough et_flex_column_24_24 et_flex_column_24_24_tablet et_flex_column_24_24_phone et_flex_column_24_24_tabletWide\">\n<div class=\"et_pb_text_7 et_pb_text et_pb_bg_layout_light et_pb_module et_flex_module preset--module--divi-text--default\"><div class=\"et_pb_text_inner\"><h1 class=\"headline \">Professional Network<\/h1>\n<\/div><\/div>\n\n<div class=\"et_pb_text_8 et_pb_text et_pb_bg_layout_light et_pb_module et_flex_module preset--module--divi-text--default\"><div class=\"et_pb_text_inner\"><p><span>By working together with proven experts in finance and society, we achieve greater efficiency and more time for our clients. Reliability, trust and an overview in demanding situations characterise our dynamic approach.<\/span><br \/><span>Due to our many years of work for our international clients, we are very familiar with wealthy individuals\u2019 personal needs and wishes.<\/span><\/p>\n<\/div><\/div>\n<\/div>\n<\/div>\n<\/div>\n\n<div class=\"et_pb_section_5 et_pb_section et_section_regular et_flex_section\">\n<div class=\"et_pb_row_5 et_pb_row et_flex_row preset--module--divi-row--default\">\n<div class=\"et_pb_column_5 et_pb_column et-last-child et_flex_column et_pb_css_mix_blend_mode_passthrough et_flex_column_24_24 et_flex_column_24_24_tablet et_flex_column_24_24_phone et_flex_column_24_24_tabletWide\">\n<div class=\"et_pb_text_9 et_pb_text et_pb_bg_layout_light et_pb_module et_flex_module preset--module--divi-text--default\"><div class=\"et_pb_text_inner\"><h1 class=\"headline \">Asset Structuring<\/h1>\n<\/div><\/div>\n\n<div class=\"et_pb_text_10 et_pb_text et_pb_bg_layout_light et_pb_module et_flex_module preset--module--divi-text--default\"><div class=\"et_pb_text_inner\"><p><span>International asset owners today are increasingly exposed to various influences and risks. Today\u2019s mobility also increases the complexity. Our clients appreciate having experts by their side who maintain an overview.<\/span><\/p>\n<\/div><\/div>\n<\/div>\n<\/div>\n<\/div>\n\n<div class=\"et_pb_section_6 et_pb_section et_section_regular et_flex_section\">\n<div class=\"et_pb_row_6 et_pb_row et_flex_row preset--module--divi-row--default\">\n<div class=\"et_pb_column_6 et_pb_column et-last-child et_flex_column et_pb_css_mix_blend_mode_passthrough et_flex_column_24_24 et_flex_column_24_24_tablet et_flex_column_24_24_phone et_flex_column_24_24_tabletWide\">\n<div class=\"et_pb_text_11 et_pb_text et_pb_bg_layout_light et_pb_module et_flex_module preset--module--divi-text--default\"><div class=\"et_pb_text_inner\"><h1 class=\"headline \">Asset Protection<\/h1>\n<\/div><\/div>\n\n<div class=\"et_pb_text_12 et_pb_text et_pb_bg_layout_light et_pb_module et_flex_module preset--module--divi-text--default\"><div class=\"et_pb_text_inner\"><p>Liabilities and attempted access to assets are current developments that should be countered in good time. There are many legally sound solutions that protect asset preservation and keep assets together over years and decades.<\/p>\n<p>There are many influences on the value of your assets: your own activity as an entrepreneur, the development of the financial markets, tax conditions, your place of residence, political stability issues and your family situation. We act as a source of ideas and initiators for all issues. We carefully monitor external consultants\u2019 work processes. However, the decision regarding our proposals lies with you as the owner of the assets in any case.<\/p>\n<\/div><\/div>\n<\/div>\n<\/div>\n<\/div>\n\n<div class=\"et_pb_section_7 et_pb_section et_section_regular et_flex_section\">\n<div class=\"et_pb_row_7 et_pb_row et_flex_row preset--module--divi-row--default\">\n<div class=\"et_pb_column_7 et_pb_column et-last-child et_flex_column et_pb_css_mix_blend_mode_passthrough et_flex_column_24_24 et_flex_column_24_24_tablet et_flex_column_24_24_phone et_flex_column_24_24_tabletWide\">\n<div class=\"et_pb_image_0 et_pb_image et_pb_module et_flex_module my-parallax-image\"><span class=\"et_pb_image_wrap\"><img loading=\"lazy\" decoding=\"async\" src=\"https:\/\/ivs-group.li\/wp-content\/uploads\/2025\/04\/WANGER_Haus_Nacht.jpg\" title=\"WANGER_Haus_Nacht\" width=\"1680\" height=\"1090\" srcset=\"https:\/\/ivs-group.li\/wp-content\/uploads\/2025\/04\/WANGER_Haus_Nacht.jpg 1680w, https:\/\/ivs-group.li\/wp-content\/uploads\/2025\/04\/WANGER_Haus_Nacht-1280x830.jpg 1280w, https:\/\/ivs-group.li\/wp-content\/uploads\/2025\/04\/WANGER_Haus_Nacht-980x636.jpg 980w, https:\/\/ivs-group.li\/wp-content\/uploads\/2025\/04\/WANGER_Haus_Nacht-480x311.jpg 480w\" sizes=\"(min-width: 0px) and (max-width: 480px) 480px, (min-width: 481px) and (max-width: 980px) 980px, (min-width: 981px) and (max-width: 1280px) 1280px, (min-width: 1281px) 1680px, 100vw\" class=\"wp-image-224\" \/><\/span><\/div>\n<\/div>\n<\/div>\n<\/div>\n\n<div class=\"et_pb_section_8 et_pb_section et_section_regular et_flex_section\">\n<div class=\"et_pb_row_8 et_pb_row et_flex_row preset--module--divi-row--default\">\n<div class=\"et_pb_column_8 et_pb_column et-last-child et_flex_column et_pb_css_mix_blend_mode_passthrough et_flex_column_24_24 et_flex_column_24_24_tablet et_flex_column_24_24_phone et_flex_column_24_24_tabletWide\">\n<div class=\"et_pb_text_13 et_pb_text et_pb_bg_layout_light et_pb_module et_flex_module preset--module--divi-text--default\"><div class=\"et_pb_text_inner\"><h1 class=\"headline \">Transfer of Assets,<br \/>Estate Succession<\/h1>\n<\/div><\/div>\n\n<div class=\"et_pb_text_14 et_pb_text et_pb_bg_layout_light et_pb_module et_flex_module preset--module--divi-text--default\"><div class=\"et_pb_text_inner\"><p><span>The timely and careful planning of the transfer of assets crucially contributes to the preservation of your assets and your descendants\u2019 financial security. We support you with this sensitive subject with empathy and discretion as your expert consultant.<\/span><\/p>\n<\/div><\/div>\n<\/div>\n<\/div>\n<\/div>\n\n<div class=\"et_pb_section_9 et_pb_section et_section_regular et_flex_section\">\n<div class=\"et_pb_row_9 et_pb_row et_flex_row preset--module--divi-row--default\">\n<div class=\"et_pb_column_9 et_pb_column et-last-child et_flex_column et_pb_css_mix_blend_mode_passthrough et_flex_column_24_24 et_flex_column_24_24_tablet et_flex_column_24_24_phone et_flex_column_24_24_tabletWide\">\n<div class=\"et_pb_text_15 et_pb_text et_pb_bg_layout_light et_pb_module et_flex_module preset--module--divi-text--default\"><div class=\"et_pb_text_inner\"><h1 class=\"headline \">Asset Planning with Foresight<\/h1>\n<\/div><\/div>\n\n<div class=\"et_pb_text_16 et_pb_text et_pb_bg_layout_light et_pb_module et_flex_module preset--module--divi-text--default\"><div class=\"et_pb_text_inner\"><p><span>In order to preserve your assets for the next generation and avoid financial disadvantages or even disputes, you need clear structures in asset planning. INSTITUT F\u00dcR VERM\u00d6GENSSICHERUNG supports you in choosing the regulation, advises you on investment with regard to division at a later date and draws up the best investment plan for you.<\/span><\/p>\n<\/div><\/div>\n<\/div>\n<\/div>\n<\/div>\n\n<div class=\"et_pb_section_10 et_pb_section et_section_regular et_flex_section\">\n<div class=\"et_pb_row_10 et_pb_row et_flex_row preset--module--divi-row--default\">\n<div class=\"et_pb_column_10 et_pb_column et-last-child et_flex_column et_pb_css_mix_blend_mode_passthrough et_flex_column_24_24 et_flex_column_24_24_tablet et_flex_column_24_24_phone et_flex_column_24_24_tabletWide\">\n<div class=\"et_pb_text_17 et_pb_text et_pb_bg_layout_light et_pb_module et_flex_module preset--module--divi-text--default\"><div class=\"et_pb_text_inner\"><h1 class=\"headline \">Foundations Secure<br \/>Family Assets<\/h1>\n<\/div><\/div>\n\n<div class=\"et_pb_text_18 et_pb_text et_pb_bg_layout_light et_pb_module et_flex_module preset--module--divi-text--default\"><div class=\"et_pb_text_inner\"><p><span>International foundation law is ideal for preserving family businesses and family assets across generations. We will be happy to assist you in drawing up succession arrangements that are suitable for your family. We work closely with lawyers and tax consultants to ensure that all legal and tax factors are taken into account.<\/span><\/p>\n<\/div><\/div>\n<\/div>\n<\/div>\n<\/div>\n\n<div class=\"et_pb_section_11 et_pb_section et_section_regular et_flex_section\">\n<div class=\"et_pb_row_11 et_pb_row et_flex_row preset--module--divi-row--default\">\n<div class=\"et_pb_column_11 et_pb_column et-last-child et_flex_column et_pb_css_mix_blend_mode_passthrough et_flex_column_24_24 et_flex_column_24_24_tablet et_flex_column_24_24_phone et_flex_column_24_24_tabletWide\">\n<div class=\"et_pb_text_19 et_pb_text et_pb_bg_layout_light et_pb_module et_flex_module preset--module--divi-text--default\"><div class=\"et_pb_text_inner\"><h1 class=\"headline \">Consolidation,<br \/>Monitoring and Quality Assurance<\/h1>\n<\/div><\/div>\n\n<div class=\"et_pb_text_20 et_pb_text et_pb_bg_layout_light et_pb_module et_flex_module preset--module--divi-text--default\"><div class=\"et_pb_text_inner\"><p><span>Internationally active clients in particular run the risk of losing track of their assets, investments and activities. We guarantee regular statements and summaries as well as multiple deposit analyses. In this way, we can prevent cluster risks or a lack of diversification.<\/span><\/p>\n<\/div><\/div>\n<\/div>\n<\/div>\n<\/div>\n\n<div class=\"et_pb_section_12 et_pb_section et_section_regular et_flex_section\">\n<div class=\"et_pb_row_12 et_pb_row et_flex_row preset--module--divi-row--default\">\n<div class=\"et_pb_column_12 et_pb_column et-last-child et_flex_column et_pb_css_mix_blend_mode_passthrough et_flex_column_24_24 et_flex_column_24_24_tablet et_flex_column_24_24_phone et_flex_column_24_24_tabletWide\">\n<div class=\"et_pb_text_21 et_pb_text et_pb_bg_layout_light et_pb_module et_flex_module preset--module--divi-text--default\"><div class=\"et_pb_text_inner\"><h1 class=\"headline \">Multiple Deposit Account Controlling, Liquidity Planning<\/h1>\n<\/div><\/div>\n\n<div class=\"et_pb_text_22 et_pb_text et_pb_bg_layout_light et_pb_module et_flex_module preset--module--divi-text--default\"><div class=\"et_pb_text_inner\"><p>Based on independent multiple deposit account controlling and consolidated accountancy we are able to continually monitor and evaluate our clients\u2019 overall financial situation and make sure that the agreed, pre-defined asset goals are met in an efficient and transparent way. Liquidity planning or short-term challenges are equally as important.<\/p>\n<p>In line with a typical business structure, INSTITUT F\u00dcR VERM\u00d6GENSSICHERUNG assumes the position of an employee who reports directly to the asset owner. We not only take care of the structure and investment of your assets, but also ensure controlling, reporting and compliance. We filter and evaluate information, coordinate and delegate tasks and assume the role of quality manager.<\/p>\n<\/div><\/div>\n<\/div>\n<\/div>\n<\/div>","protected":false},"excerpt":{"rendered":"<p>Your trust and our professionalism are the basis on which your assets can grow.<\/p>\n","protected":false},"author":1,"featured_media":279,"parent":0,"menu_order":10,"comment_status":"closed","ping_status":"closed","template":"","meta":{"footnotes":""},"class_list":["post-292","page","type-page","status-publish","has-post-thumbnail","hentry"],"yoast_head":"<!-- This site is optimized with the Yoast SEO plugin v27.4 - https:\/\/yoast.com\/product\/yoast-seo-wordpress\/ -->\n<title>Family Office - IVS - Institut f\u00fcr Verm\u00f6genssicherung<\/title>\n<meta name=\"description\" content=\"IVS - Institut f\u00fcr Verm\u00f6genssicherung bietet massgeschneiderte, modular aufgebaute Dienstleistungen f\u00fcr Familien und Einzelpersonen im deutschsprachigen Raum an.\" \/>\n<meta name=\"robots\" content=\"index, follow, max-snippet:-1, max-image-preview:large, max-video-preview:-1\" \/>\n<link rel=\"canonical\" href=\"https:\/\/ivs-group.li\/en\/family-office\/\" \/>\n<meta property=\"og:locale\" content=\"en_US\" \/>\n<meta property=\"og:type\" content=\"article\" \/>\n<meta property=\"og:title\" content=\"Family Office - IVS - Institut f\u00fcr Verm\u00f6genssicherung\" \/>\n<meta property=\"og:description\" content=\"IVS - Institut f\u00fcr Verm\u00f6genssicherung bietet massgeschneiderte, modular aufgebaute Dienstleistungen f\u00fcr Familien und Einzelpersonen im deutschsprachigen Raum an.\" \/>\n<meta property=\"og:url\" content=\"https:\/\/ivs-group.li\/en\/family-office\/\" \/>\n<meta property=\"og:site_name\" content=\"IVS - Institut f\u00fcr Verm\u00f6genssicherung\" \/>\n<meta property=\"article:modified_time\" content=\"2025-04-14T09:58:01+00:00\" \/>\n<meta property=\"og:image\" content=\"https:\/\/ivs-group.li\/wp-content\/uploads\/2025\/04\/Intro_Buero_01.jpg\" \/>\n\t<meta property=\"og:image:width\" content=\"1920\" \/>\n\t<meta property=\"og:image:height\" content=\"1172\" \/>\n\t<meta property=\"og:image:type\" content=\"image\/jpeg\" \/>\n<meta name=\"twitter:card\" content=\"summary_large_image\" \/>\n<meta name=\"twitter:label1\" content=\"Est. reading time\" \/>\n\t<meta name=\"twitter:data1\" content=\"1 minute\" \/>\n<script type=\"application\/ld+json\" class=\"yoast-schema-graph\">{\"@context\":\"https:\\\/\\\/schema.org\",\"@graph\":[{\"@type\":\"WebPage\",\"@id\":\"https:\\\/\\\/ivs-group.li\\\/en\\\/family-office\\\/\",\"url\":\"https:\\\/\\\/ivs-group.li\\\/en\\\/family-office\\\/\",\"name\":\"Family Office - IVS - Institut f\u00fcr Verm\u00f6genssicherung\",\"isPartOf\":{\"@id\":\"https:\\\/\\\/ivs-group.li\\\/en\\\/#website\"},\"primaryImageOfPage\":{\"@id\":\"https:\\\/\\\/ivs-group.li\\\/en\\\/family-office\\\/#primaryimage\"},\"image\":{\"@id\":\"https:\\\/\\\/ivs-group.li\\\/en\\\/family-office\\\/#primaryimage\"},\"thumbnailUrl\":\"https:\\\/\\\/ivs-group.li\\\/wp-content\\\/uploads\\\/2025\\\/04\\\/Intro_Buero_01.jpg\",\"datePublished\":\"2025-04-08T12:46:47+00:00\",\"dateModified\":\"2025-04-14T09:58:01+00:00\",\"description\":\"IVS - Institut f\u00fcr Verm\u00f6genssicherung bietet massgeschneiderte, modular aufgebaute Dienstleistungen f\u00fcr Familien und Einzelpersonen im deutschsprachigen Raum an.\",\"breadcrumb\":{\"@id\":\"https:\\\/\\\/ivs-group.li\\\/en\\\/family-office\\\/#breadcrumb\"},\"inLanguage\":\"en-US\",\"potentialAction\":[{\"@type\":\"ReadAction\",\"target\":[\"https:\\\/\\\/ivs-group.li\\\/en\\\/family-office\\\/\"]}]},{\"@type\":\"ImageObject\",\"inLanguage\":\"en-US\",\"@id\":\"https:\\\/\\\/ivs-group.li\\\/en\\\/family-office\\\/#primaryimage\",\"url\":\"https:\\\/\\\/ivs-group.li\\\/wp-content\\\/uploads\\\/2025\\\/04\\\/Intro_Buero_01.jpg\",\"contentUrl\":\"https:\\\/\\\/ivs-group.li\\\/wp-content\\\/uploads\\\/2025\\\/04\\\/Intro_Buero_01.jpg\",\"width\":1920,\"height\":1172},{\"@type\":\"BreadcrumbList\",\"@id\":\"https:\\\/\\\/ivs-group.li\\\/en\\\/family-office\\\/#breadcrumb\",\"itemListElement\":[{\"@type\":\"ListItem\",\"position\":1,\"name\":\"Home\",\"item\":\"https:\\\/\\\/ivs-group.li\\\/en\\\/\"},{\"@type\":\"ListItem\",\"position\":2,\"name\":\"Family Office\"}]},{\"@type\":\"WebSite\",\"@id\":\"https:\\\/\\\/ivs-group.li\\\/en\\\/#website\",\"url\":\"https:\\\/\\\/ivs-group.li\\\/en\\\/\",\"name\":\"IVS - Institut f\u00fcr Verm\u00f6genssicherung\",\"description\":\"\",\"potentialAction\":[{\"@type\":\"SearchAction\",\"target\":{\"@type\":\"EntryPoint\",\"urlTemplate\":\"https:\\\/\\\/ivs-group.li\\\/en\\\/?s={search_term_string}\"},\"query-input\":{\"@type\":\"PropertyValueSpecification\",\"valueRequired\":true,\"valueName\":\"search_term_string\"}}],\"inLanguage\":\"en-US\"}]}<\/script>\n<!-- \/ Yoast SEO plugin. -->","yoast_head_json":{"title":"Family Office - IVS - Institut f\u00fcr Verm\u00f6genssicherung","description":"IVS - Institut f\u00fcr Verm\u00f6genssicherung bietet massgeschneiderte, modular aufgebaute Dienstleistungen f\u00fcr Familien und Einzelpersonen im deutschsprachigen Raum an.","robots":{"index":"index","follow":"follow","max-snippet":"max-snippet:-1","max-image-preview":"max-image-preview:large","max-video-preview":"max-video-preview:-1"},"canonical":"https:\/\/ivs-group.li\/en\/family-office\/","og_locale":"en_US","og_type":"article","og_title":"Family Office - IVS - Institut f\u00fcr Verm\u00f6genssicherung","og_description":"IVS - Institut f\u00fcr Verm\u00f6genssicherung bietet massgeschneiderte, modular aufgebaute Dienstleistungen f\u00fcr Familien und Einzelpersonen im deutschsprachigen Raum an.","og_url":"https:\/\/ivs-group.li\/en\/family-office\/","og_site_name":"IVS - Institut f\u00fcr Verm\u00f6genssicherung","article_modified_time":"2025-04-14T09:58:01+00:00","og_image":[{"width":1920,"height":1172,"url":"https:\/\/ivs-group.li\/wp-content\/uploads\/2025\/04\/Intro_Buero_01.jpg","type":"image\/jpeg"}],"twitter_card":"summary_large_image","twitter_misc":{"Est. reading time":"1 minute"},"schema":{"@context":"https:\/\/schema.org","@graph":[{"@type":"WebPage","@id":"https:\/\/ivs-group.li\/en\/family-office\/","url":"https:\/\/ivs-group.li\/en\/family-office\/","name":"Family Office - IVS - Institut f\u00fcr Verm\u00f6genssicherung","isPartOf":{"@id":"https:\/\/ivs-group.li\/en\/#website"},"primaryImageOfPage":{"@id":"https:\/\/ivs-group.li\/en\/family-office\/#primaryimage"},"image":{"@id":"https:\/\/ivs-group.li\/en\/family-office\/#primaryimage"},"thumbnailUrl":"https:\/\/ivs-group.li\/wp-content\/uploads\/2025\/04\/Intro_Buero_01.jpg","datePublished":"2025-04-08T12:46:47+00:00","dateModified":"2025-04-14T09:58:01+00:00","description":"IVS - Institut f\u00fcr Verm\u00f6genssicherung bietet massgeschneiderte, modular aufgebaute Dienstleistungen f\u00fcr Familien und Einzelpersonen im deutschsprachigen Raum an.","breadcrumb":{"@id":"https:\/\/ivs-group.li\/en\/family-office\/#breadcrumb"},"inLanguage":"en-US","potentialAction":[{"@type":"ReadAction","target":["https:\/\/ivs-group.li\/en\/family-office\/"]}]},{"@type":"ImageObject","inLanguage":"en-US","@id":"https:\/\/ivs-group.li\/en\/family-office\/#primaryimage","url":"https:\/\/ivs-group.li\/wp-content\/uploads\/2025\/04\/Intro_Buero_01.jpg","contentUrl":"https:\/\/ivs-group.li\/wp-content\/uploads\/2025\/04\/Intro_Buero_01.jpg","width":1920,"height":1172},{"@type":"BreadcrumbList","@id":"https:\/\/ivs-group.li\/en\/family-office\/#breadcrumb","itemListElement":[{"@type":"ListItem","position":1,"name":"Home","item":"https:\/\/ivs-group.li\/en\/"},{"@type":"ListItem","position":2,"name":"Family Office"}]},{"@type":"WebSite","@id":"https:\/\/ivs-group.li\/en\/#website","url":"https:\/\/ivs-group.li\/en\/","name":"IVS - Institut f\u00fcr Verm\u00f6genssicherung","description":"","potentialAction":[{"@type":"SearchAction","target":{"@type":"EntryPoint","urlTemplate":"https:\/\/ivs-group.li\/en\/?s={search_term_string}"},"query-input":{"@type":"PropertyValueSpecification","valueRequired":true,"valueName":"search_term_string"}}],"inLanguage":"en-US"}]}},"_links":{"self":[{"href":"https:\/\/ivs-group.li\/en\/wp-json\/wp\/v2\/pages\/292","targetHints":{"allow":["GET"]}}],"collection":[{"href":"https:\/\/ivs-group.li\/en\/wp-json\/wp\/v2\/pages"}],"about":[{"href":"https:\/\/ivs-group.li\/en\/wp-json\/wp\/v2\/types\/page"}],"author":[{"embeddable":true,"href":"https:\/\/ivs-group.li\/en\/wp-json\/wp\/v2\/users\/1"}],"replies":[{"embeddable":true,"href":"https:\/\/ivs-group.li\/en\/wp-json\/wp\/v2\/comments?post=292"}],"version-history":[{"count":18,"href":"https:\/\/ivs-group.li\/en\/wp-json\/wp\/v2\/pages\/292\/revisions"}],"predecessor-version":[{"id":399,"href":"https:\/\/ivs-group.li\/en\/wp-json\/wp\/v2\/pages\/292\/revisions\/399"}],"wp:featuredmedia":[{"embeddable":true,"href":"https:\/\/ivs-group.li\/en\/wp-json\/wp\/v2\/media\/279"}],"wp:attachment":[{"href":"https:\/\/ivs-group.li\/en\/wp-json\/wp\/v2\/media?parent=292"}],"curies":[{"name":"wp","href":"https:\/\/api.w.org\/{rel}","templated":true}]}}